{"id":8137,"date":"2021-12-11T14:53:29","date_gmt":"2021-12-11T13:53:29","guid":{"rendered":"https:\/\/geniwal.be\/?post_type=product&#038;p=8137"},"modified":"2021-12-26T01:25:56","modified_gmt":"2021-12-26T00:25:56","slug":"mon-arbre-relie-7-generations-a-remplir","status":"publish","type":"product","link":"https:\/\/geniwal.be\/nl\/boutique\/arbres\/mon-arbre-relie-7-generations-a-remplir\/","title":{"rendered":"Mijn 7-generatie stamboom invullen"},"content":{"rendered":"<p>Doe je aan genealogie en wil je graag je onderzoek bespreken met je familie of neven en nichten?<br \/>\nMaak je er geen, maar wil je de namen van de grootouders die je kende opschrijven voor je kleinkinderen en ze wat herinneringsfoto's sturen?<br \/>\nDroom je van een boom die toegankelijk is en waarmee je kunt pronken, maar die niet aan de muur hoeft te hangen?<br \/>\nDeze prachtige gebonden boom is het perfecte antwoord:<br \/>\n- Het past in je boekenkast. Net als een boek is het gemakkelijk vast te pakken en uit te vouwen.<br \/>\n- Het draait om een centraal personage (jezelf, of een van je ouders of grootouders, afhankelijk van je keuze) wiens naam je noteert op de kaft en op de rug van het boek (gemakkelijk te vinden in je bibliotheek, zelfs als je meerdere gebonden bomen hebt ingevuld).<br \/>\n- Het toont de nakomelingen (twee generaties lager: kinderen en kleinkinderen) en de voorouders (vier generaties hoger, tot aan de betovergrootouders), wat een overzicht geeft van zeven generaties over twee eeuwen.<br \/>\n- Het kan gemakkelijk met de hand worden ingevuld of met zelfklevende labels die je thuis kunt uitprinten. Op de achterkant van de boom staan gedetailleerde instructies voor het gebruik en een schrijfruimte voor aanvullingen en levensverhalen.<br \/>\n- Er is een vak aan de binnenkant voor foto's, aankondigingen, brieven en verschillende familiedocumenten, zodat je gemakkelijk herinneringen kunt delen wanneer je de boom aan een dierbare laat zien (je hoeft niet door je lades te bladeren of je computer aan te zetten: de meest dierbare documenten zitten erin).<\/p>\n<p>Alle details staan op de\u00a0<a href=\"https:\/\/youtu.be\/2piuelpbqZw\" target=\"_blank\" rel=\"noopener\">YouTube-video<\/a>\u00a0gewijd aan het boek.<\/p>\n<p>Of je nakomelingen nu \"zo groot zijn als de sterren aan de hemel\" of op de vingers van \u00e9\u00e9n hand te tellen zijn, het maakt niet uit: jullie hebben allemaal een gigantische opgaande boom om te laten zien en verhalen om te vertellen. Nu is het jullie beurt!<\/p>","protected":false},"excerpt":{"rendered":"<p><strong>R\u00e9f\u00e9rence du produit: 704005<\/strong><\/p>\n<p>Un arbre \u00e0 compl\u00e9ter 7 g\u00e9n\u00e9rations (5 ascendantes, 2 descendantes)<\/p>\n<p>\u2022 Un arbre grand format (126 cm x 29,7cm) facile \u00e0 d\u00e9plier<\/p>\n<p>\u2022 Un arbre reli\u00e9 (21,7 cm x 30,5 cm) qui se range dans une biblioth\u00e8que<\/p>\n<p>\u2022 Un arbre avec une pochette pour glisser photos, faire-parts, docs divers<\/p>\n<p>\u2022 Un arbre avec une reliure somptueuse, bleue et or, \u00e9toiles paillet\u00e9es en relief, rubans d\u2019attache bleus<\/p>\n<p>\u2022 Un arbre avec une zone en pelliculage mat sur la couverture et sur le dos pour noter le nom du personnage central ou de la famille d\u00e9taill\u00e9e dans l\u2019arbre<\/p>\n<p>Alle details staan op de\u00a0<a href=\"https:\/\/youtu.be\/2piuelpbqZw\" target=\"_blank\" rel=\"noopener\">YouTube-video<\/a>\u00a0gewijd aan het boek.<\/p>\n<p><strong>Commande :<\/strong><\/p>\n<p>Paiement via Carte Bancaire, Virement, ou Paypal<\/p>","protected":false},"featured_media":8139,"comment_status":"closed","ping_status":"closed","template":"","meta":{"_et_pb_use_builder":"","_et_pb_old_content":"","_et_gb_content_width":""},"product_brand":[],"product_cat":[109],"product_tag":[250],"class_list":{"0":"post-8137","1":"product","2":"type-product","3":"status-publish","4":"has-post-thumbnail","6":"product_cat-arbres","7":"product_tag-arbre-7g-a-remplir","9":"first","10":"instock","11":"taxable","12":"shipping-taxable","13":"purchasable","14":"product-type-simple"},"aioseo_notices":[],"_links":{"self":[{"href":"https:\/\/geniwal.be\/nl\/wp-json\/wp\/v2\/product\/8137","targetHints":{"allow":["GET"]}}],"collection":[{"href":"https:\/\/geniwal.be\/nl\/wp-json\/wp\/v2\/product"}],"about":[{"href":"https:\/\/geniwal.be\/nl\/wp-json\/wp\/v2\/types\/product"}],"replies":[{"embeddable":true,"href":"https:\/\/geniwal.be\/nl\/wp-json\/wp\/v2\/comments?post=8137"}],"wp:featuredmedia":[{"embeddable":true,"href":"https:\/\/geniwal.be\/nl\/wp-json\/wp\/v2\/media\/8139"}],"wp:attachment":[{"href":"https:\/\/geniwal.be\/nl\/wp-json\/wp\/v2\/media?parent=8137"}],"wp:term":[{"taxonomy":"product_brand","embeddable":true,"href":"https:\/\/geniwal.be\/nl\/wp-json\/wp\/v2\/product_brand?post=8137"},{"taxonomy":"product_cat","embeddable":true,"href":"https:\/\/geniwal.be\/nl\/wp-json\/wp\/v2\/product_cat?post=8137"},{"taxonomy":"product_tag","embeddable":true,"href":"https:\/\/geniwal.be\/nl\/wp-json\/wp\/v2\/product_tag?post=8137"}],"curies":[{"name":"wp","href":"https:\/\/api.w.org\/{rel}","templated":true}]}}